{"id":732,"date":"2020-03-16T16:54:44","date_gmt":"2020-03-16T16:54:44","guid":{"rendered":"http:\/\/www.casaldelespluga.cat\/?page_id=732"},"modified":"2023-09-01T10:59:35","modified_gmt":"2023-09-01T10:59:35","slug":"escola-de-teatre","status":"publish","type":"page","link":"https:\/\/www.casaldelespluga.cat\/?page_id=732","title":{"rendered":"Escola de teatre"},"content":{"rendered":"\n<p>Tot i que aquesta activitat ha tingut molt \u00e8xit, aquest curs 2023\/2024 no la poem oferir per\u00f2, el Casal de l&#8217;Espluga de Francol\u00ed est\u00e0 treballant per poder oferir cursos intensius de teatre.<\/p>\n\n\n\n<p>Anirem informant.<\/p>\n\n\n","protected":false},"excerpt":{"rendered":"<p>Tot i que aquesta activitat ha tingut molt \u00e8xit, aquest curs 2023\/2024 no la poem oferir per\u00f2, el Casal de l&#8217;Espluga de Francol\u00ed est\u00e0 treballant per poder oferir cursos intensius de teatre. Anirem informant.<\/p>\n","protected":false},"author":1,"featured_media":0,"parent":1138,"menu_order":0,"comment_status":"closed","ping_status":"closed","template":"","meta":{"_monsterinsights_skip_tracking":false,"_monsterinsights_sitenote_active":false,"_monsterinsights_sitenote_note":"","_monsterinsights_sitenote_category":0,"footnotes":""},"class_list":["post-732","page","type-page","status-publish","hentry"],"yoast_head":"<!-- This site is optimized with the Yoast SEO plugin v27.3 - https:\/\/yoast.com\/product\/yoast-seo-wordpress\/ -->\n<title>Escola de teatre - Casal de l\u00b4Espluga de Francol\u00ed<\/title>\n<meta name=\"robots\" content=\"index, follow, max-snippet:-1, max-image-preview:large, max-video-preview:-1\" \/>\n<link rel=\"canonical\" href=\"https:\/\/www.casaldelespluga.cat\/?page_id=732\" \/>\n<meta property=\"og:locale\" content=\"ca_ES\" \/>\n<meta property=\"og:type\" content=\"article\" \/>\n<meta property=\"og:title\" content=\"Escola de teatre - Casal de l\u00b4Espluga de Francol\u00ed\" \/>\n<meta property=\"og:description\" content=\"Tot i que aquesta activitat ha tingut molt \u00e8xit, aquest curs 2023\/2024 no la poem oferir per\u00f2, el Casal de l&#8217;Espluga de Francol\u00ed est\u00e0 treballant per poder oferir cursos intensius de teatre. Anirem informant.\" \/>\n<meta property=\"og:url\" content=\"https:\/\/www.casaldelespluga.cat\/?page_id=732\" \/>\n<meta property=\"og:site_name\" content=\"Casal de l\u00b4Espluga de Francol\u00ed\" \/>\n<meta property=\"article:publisher\" content=\"https:\/\/www.facebook.com\/?locale=ca_ES\" \/>\n<meta property=\"article:modified_time\" content=\"2023-09-01T10:59:35+00:00\" \/>\n<meta name=\"twitter:card\" content=\"summary_large_image\" \/>\n<meta name=\"twitter:label1\" content=\"Temps estimat de lectura\" \/>\n\t<meta name=\"twitter:data1\" content=\"1 minut\" \/>\n<script type=\"application\/ld+json\" class=\"yoast-schema-graph\">{\"@context\":\"https:\\\/\\\/schema.org\",\"@graph\":[{\"@type\":\"WebPage\",\"@id\":\"https:\\\/\\\/www.casaldelespluga.cat\\\/?page_id=732\",\"url\":\"https:\\\/\\\/www.casaldelespluga.cat\\\/?page_id=732\",\"name\":\"Escola de teatre - Casal de l\u00b4Espluga de Francol\u00ed\",\"isPartOf\":{\"@id\":\"http:\\\/\\\/www.casaldelespluga.cat\\\/#website\"},\"datePublished\":\"2020-03-16T16:54:44+00:00\",\"dateModified\":\"2023-09-01T10:59:35+00:00\",\"breadcrumb\":{\"@id\":\"https:\\\/\\\/www.casaldelespluga.cat\\\/?page_id=732#breadcrumb\"},\"inLanguage\":\"ca\",\"potentialAction\":[{\"@type\":\"ReadAction\",\"target\":[\"https:\\\/\\\/www.casaldelespluga.cat\\\/?page_id=732\"]}]},{\"@type\":\"BreadcrumbList\",\"@id\":\"https:\\\/\\\/www.casaldelespluga.cat\\\/?page_id=732#breadcrumb\",\"itemListElement\":[{\"@type\":\"ListItem\",\"position\":1,\"name\":\"Portada\",\"item\":\"http:\\\/\\\/www.casaldelespluga.cat\\\/\"},{\"@type\":\"ListItem\",\"position\":2,\"name\":\"Inici\",\"item\":\"https:\\\/\\\/www.casaldelespluga.cat\\\/?page_id=1138\"},{\"@type\":\"ListItem\",\"position\":3,\"name\":\"Escola de teatre\"}]},{\"@type\":\"WebSite\",\"@id\":\"http:\\\/\\\/www.casaldelespluga.cat\\\/#website\",\"url\":\"http:\\\/\\\/www.casaldelespluga.cat\\\/\",\"name\":\"Casal de l\u00b4Espluga de Francol\u00ed\",\"description\":\"Associaci\u00f3 sociocultural i esportiva\",\"publisher\":{\"@id\":\"http:\\\/\\\/www.casaldelespluga.cat\\\/#organization\"},\"potentialAction\":[{\"@type\":\"SearchAction\",\"target\":{\"@type\":\"EntryPoint\",\"urlTemplate\":\"http:\\\/\\\/www.casaldelespluga.cat\\\/?s={search_term_string}\"},\"query-input\":{\"@type\":\"PropertyValueSpecification\",\"valueRequired\":true,\"valueName\":\"search_term_string\"}}],\"inLanguage\":\"ca\"},{\"@type\":\"Organization\",\"@id\":\"http:\\\/\\\/www.casaldelespluga.cat\\\/#organization\",\"name\":\"Casal de l\u00b4Espluga de Francol\u00ed\",\"url\":\"http:\\\/\\\/www.casaldelespluga.cat\\\/\",\"logo\":{\"@type\":\"ImageObject\",\"inLanguage\":\"ca\",\"@id\":\"http:\\\/\\\/www.casaldelespluga.cat\\\/#\\\/schema\\\/logo\\\/image\\\/\",\"url\":\"https:\\\/\\\/www.casaldelespluga.cat\\\/wp-content\\\/uploads\\\/2018\\\/08\\\/cropped-cropped-logo-casal.jpg\",\"contentUrl\":\"https:\\\/\\\/www.casaldelespluga.cat\\\/wp-content\\\/uploads\\\/2018\\\/08\\\/cropped-cropped-logo-casal.jpg\",\"width\":2283,\"height\":2283,\"caption\":\"Casal de l\u00b4Espluga de Francol\u00ed\"},\"image\":{\"@id\":\"http:\\\/\\\/www.casaldelespluga.cat\\\/#\\\/schema\\\/logo\\\/image\\\/\"},\"sameAs\":[\"https:\\\/\\\/www.facebook.com\\\/?locale=ca_ES\",\"https:\\\/\\\/www.instagram.com\\\/casalespluga\\\/\"]}]}<\/script>\n<!-- \/ Yoast SEO plugin. -->","yoast_head_json":{"title":"Escola de teatre - Casal de l\u00b4Espluga de Francol\u00ed","robots":{"index":"index","follow":"follow","max-snippet":"max-snippet:-1","max-image-preview":"max-image-preview:large","max-video-preview":"max-video-preview:-1"},"canonical":"https:\/\/www.casaldelespluga.cat\/?page_id=732","og_locale":"ca_ES","og_type":"article","og_title":"Escola de teatre - Casal de l\u00b4Espluga de Francol\u00ed","og_description":"Tot i que aquesta activitat ha tingut molt \u00e8xit, aquest curs 2023\/2024 no la poem oferir per\u00f2, el Casal de l&#8217;Espluga de Francol\u00ed est\u00e0 treballant per poder oferir cursos intensius de teatre. Anirem informant.","og_url":"https:\/\/www.casaldelespluga.cat\/?page_id=732","og_site_name":"Casal de l\u00b4Espluga de Francol\u00ed","article_publisher":"https:\/\/www.facebook.com\/?locale=ca_ES","article_modified_time":"2023-09-01T10:59:35+00:00","twitter_card":"summary_large_image","twitter_misc":{"Temps estimat de lectura":"1 minut"},"schema":{"@context":"https:\/\/schema.org","@graph":[{"@type":"WebPage","@id":"https:\/\/www.casaldelespluga.cat\/?page_id=732","url":"https:\/\/www.casaldelespluga.cat\/?page_id=732","name":"Escola de teatre - Casal de l\u00b4Espluga de Francol\u00ed","isPartOf":{"@id":"http:\/\/www.casaldelespluga.cat\/#website"},"datePublished":"2020-03-16T16:54:44+00:00","dateModified":"2023-09-01T10:59:35+00:00","breadcrumb":{"@id":"https:\/\/www.casaldelespluga.cat\/?page_id=732#breadcrumb"},"inLanguage":"ca","potentialAction":[{"@type":"ReadAction","target":["https:\/\/www.casaldelespluga.cat\/?page_id=732"]}]},{"@type":"BreadcrumbList","@id":"https:\/\/www.casaldelespluga.cat\/?page_id=732#breadcrumb","itemListElement":[{"@type":"ListItem","position":1,"name":"Portada","item":"http:\/\/www.casaldelespluga.cat\/"},{"@type":"ListItem","position":2,"name":"Inici","item":"https:\/\/www.casaldelespluga.cat\/?page_id=1138"},{"@type":"ListItem","position":3,"name":"Escola de teatre"}]},{"@type":"WebSite","@id":"http:\/\/www.casaldelespluga.cat\/#website","url":"http:\/\/www.casaldelespluga.cat\/","name":"Casal de l\u00b4Espluga de Francol\u00ed","description":"Associaci\u00f3 sociocultural i esportiva","publisher":{"@id":"http:\/\/www.casaldelespluga.cat\/#organization"},"potentialAction":[{"@type":"SearchAction","target":{"@type":"EntryPoint","urlTemplate":"http:\/\/www.casaldelespluga.cat\/?s={search_term_string}"},"query-input":{"@type":"PropertyValueSpecification","valueRequired":true,"valueName":"search_term_string"}}],"inLanguage":"ca"},{"@type":"Organization","@id":"http:\/\/www.casaldelespluga.cat\/#organization","name":"Casal de l\u00b4Espluga de Francol\u00ed","url":"http:\/\/www.casaldelespluga.cat\/","logo":{"@type":"ImageObject","inLanguage":"ca","@id":"http:\/\/www.casaldelespluga.cat\/#\/schema\/logo\/image\/","url":"https:\/\/www.casaldelespluga.cat\/wp-content\/uploads\/2018\/08\/cropped-cropped-logo-casal.jpg","contentUrl":"https:\/\/www.casaldelespluga.cat\/wp-content\/uploads\/2018\/08\/cropped-cropped-logo-casal.jpg","width":2283,"height":2283,"caption":"Casal de l\u00b4Espluga de Francol\u00ed"},"image":{"@id":"http:\/\/www.casaldelespluga.cat\/#\/schema\/logo\/image\/"},"sameAs":["https:\/\/www.facebook.com\/?locale=ca_ES","https:\/\/www.instagram.com\/casalespluga\/"]}]}},"_links":{"self":[{"href":"https:\/\/www.casaldelespluga.cat\/index.php?rest_route=\/wp\/v2\/pages\/732","targetHints":{"allow":["GET"]}}],"collection":[{"href":"https:\/\/www.casaldelespluga.cat\/index.php?rest_route=\/wp\/v2\/pages"}],"about":[{"href":"https:\/\/www.casaldelespluga.cat\/index.php?rest_route=\/wp\/v2\/types\/page"}],"author":[{"embeddable":true,"href":"https:\/\/www.casaldelespluga.cat\/index.php?rest_route=\/wp\/v2\/users\/1"}],"replies":[{"embeddable":true,"href":"https:\/\/www.casaldelespluga.cat\/index.php?rest_route=%2Fwp%2Fv2%2Fcomments&post=732"}],"version-history":[{"count":10,"href":"https:\/\/www.casaldelespluga.cat\/index.php?rest_route=\/wp\/v2\/pages\/732\/revisions"}],"predecessor-version":[{"id":1603,"href":"https:\/\/www.casaldelespluga.cat\/index.php?rest_route=\/wp\/v2\/pages\/732\/revisions\/1603"}],"up":[{"embeddable":true,"href":"https:\/\/www.casaldelespluga.cat\/index.php?rest_route=\/wp\/v2\/pages\/1138"}],"wp:attachment":[{"href":"https:\/\/www.casaldelespluga.cat\/index.php?rest_route=%2Fwp%2Fv2%2Fmedia&parent=732"}],"curies":[{"name":"wp","href":"https:\/\/api.w.org\/{rel}","templated":true}]}}