{"id":309,"date":"2018-10-02T14:08:22","date_gmt":"2018-10-02T14:08:22","guid":{"rendered":"http:\/\/www.casaldelespluga.cat\/?page_id=309"},"modified":"2024-04-23T10:39:50","modified_gmt":"2024-04-23T10:39:50","slug":"gimnastica-per-adults","status":"publish","type":"page","link":"https:\/\/www.casaldelespluga.cat\/?page_id=309","title":{"rendered":"Gimn\u00e0stica per adults"},"content":{"rendered":"<h3><span style=\"color: #808000;\">Gimn\u00e0stica espec\u00edfica per al manteniment de gent adulta. <\/span><\/h3>\n<h3><span style=\"color: #808000;\">Horari: dilluns i dimecres de les 9:30h a les 10:30h a la sala del pavell\u00f3 del Casal.\u00a0<\/span><\/h3>\n<h3><span style=\"color: #808000;\">Professora: Celina Aldonate<\/span><\/h3>\n<h3><\/h3>\n<h3><\/h3>\n","protected":false},"excerpt":{"rendered":"<p>Gimn\u00e0stica espec\u00edfica per al manteniment de gent adulta. Horari: dilluns i dimecres de les 9:30h a les 10:30h a la sala del pavell\u00f3 del Casal.\u00a0 Professora: Celina Aldonate<\/p>\n","protected":false},"author":1,"featured_media":0,"parent":1138,"menu_order":0,"comment_status":"closed","ping_status":"closed","template":"","meta":{"_monsterinsights_skip_tracking":false,"_monsterinsights_sitenote_active":false,"_monsterinsights_sitenote_note":"","_monsterinsights_sitenote_category":0,"footnotes":""},"class_list":["post-309","page","type-page","status-publish","hentry"],"yoast_head":"<!-- This site is optimized with the Yoast SEO plugin v27.3 - https:\/\/yoast.com\/product\/yoast-seo-wordpress\/ -->\n<title>Gimn\u00e0stica per adults - Casal de l\u00b4Espluga de Francol\u00ed<\/title>\n<meta name=\"robots\" content=\"index, follow, max-snippet:-1, max-image-preview:large, max-video-preview:-1\" \/>\n<link rel=\"canonical\" href=\"https:\/\/www.casaldelespluga.cat\/?page_id=309\" \/>\n<meta property=\"og:locale\" content=\"ca_ES\" \/>\n<meta property=\"og:type\" content=\"article\" \/>\n<meta property=\"og:title\" content=\"Gimn\u00e0stica per adults - Casal de l\u00b4Espluga de Francol\u00ed\" \/>\n<meta property=\"og:description\" content=\"Gimn\u00e0stica espec\u00edfica per al manteniment de gent adulta. Horari: dilluns i dimecres de les 9:30h a les 10:30h a la sala del pavell\u00f3 del Casal.\u00a0 Professora: Celina Aldonate\" \/>\n<meta property=\"og:url\" content=\"https:\/\/www.casaldelespluga.cat\/?page_id=309\" \/>\n<meta property=\"og:site_name\" content=\"Casal de l\u00b4Espluga de Francol\u00ed\" \/>\n<meta property=\"article:publisher\" content=\"https:\/\/www.facebook.com\/?locale=ca_ES\" \/>\n<meta property=\"article:modified_time\" content=\"2024-04-23T10:39:50+00:00\" \/>\n<meta name=\"twitter:card\" content=\"summary_large_image\" \/>\n<meta name=\"twitter:label1\" content=\"Temps estimat de lectura\" \/>\n\t<meta name=\"twitter:data1\" content=\"1 minut\" \/>\n<script type=\"application\/ld+json\" class=\"yoast-schema-graph\">{\"@context\":\"https:\\\/\\\/schema.org\",\"@graph\":[{\"@type\":\"WebPage\",\"@id\":\"https:\\\/\\\/www.casaldelespluga.cat\\\/?page_id=309\",\"url\":\"https:\\\/\\\/www.casaldelespluga.cat\\\/?page_id=309\",\"name\":\"Gimn\u00e0stica per adults - Casal de l\u00b4Espluga de Francol\u00ed\",\"isPartOf\":{\"@id\":\"http:\\\/\\\/www.casaldelespluga.cat\\\/#website\"},\"datePublished\":\"2018-10-02T14:08:22+00:00\",\"dateModified\":\"2024-04-23T10:39:50+00:00\",\"breadcrumb\":{\"@id\":\"https:\\\/\\\/www.casaldelespluga.cat\\\/?page_id=309#breadcrumb\"},\"inLanguage\":\"ca\",\"potentialAction\":[{\"@type\":\"ReadAction\",\"target\":[\"https:\\\/\\\/www.casaldelespluga.cat\\\/?page_id=309\"]}]},{\"@type\":\"BreadcrumbList\",\"@id\":\"https:\\\/\\\/www.casaldelespluga.cat\\\/?page_id=309#breadcrumb\",\"itemListElement\":[{\"@type\":\"ListItem\",\"position\":1,\"name\":\"Portada\",\"item\":\"http:\\\/\\\/www.casaldelespluga.cat\\\/\"},{\"@type\":\"ListItem\",\"position\":2,\"name\":\"Inici\",\"item\":\"https:\\\/\\\/www.casaldelespluga.cat\\\/?page_id=1138\"},{\"@type\":\"ListItem\",\"position\":3,\"name\":\"Gimn\u00e0stica per adults\"}]},{\"@type\":\"WebSite\",\"@id\":\"http:\\\/\\\/www.casaldelespluga.cat\\\/#website\",\"url\":\"http:\\\/\\\/www.casaldelespluga.cat\\\/\",\"name\":\"Casal de l\u00b4Espluga de Francol\u00ed\",\"description\":\"Associaci\u00f3 sociocultural i esportiva\",\"publisher\":{\"@id\":\"http:\\\/\\\/www.casaldelespluga.cat\\\/#organization\"},\"potentialAction\":[{\"@type\":\"SearchAction\",\"target\":{\"@type\":\"EntryPoint\",\"urlTemplate\":\"http:\\\/\\\/www.casaldelespluga.cat\\\/?s={search_term_string}\"},\"query-input\":{\"@type\":\"PropertyValueSpecification\",\"valueRequired\":true,\"valueName\":\"search_term_string\"}}],\"inLanguage\":\"ca\"},{\"@type\":\"Organization\",\"@id\":\"http:\\\/\\\/www.casaldelespluga.cat\\\/#organization\",\"name\":\"Casal de l\u00b4Espluga de Francol\u00ed\",\"url\":\"http:\\\/\\\/www.casaldelespluga.cat\\\/\",\"logo\":{\"@type\":\"ImageObject\",\"inLanguage\":\"ca\",\"@id\":\"http:\\\/\\\/www.casaldelespluga.cat\\\/#\\\/schema\\\/logo\\\/image\\\/\",\"url\":\"https:\\\/\\\/www.casaldelespluga.cat\\\/wp-content\\\/uploads\\\/2018\\\/08\\\/cropped-cropped-logo-casal.jpg\",\"contentUrl\":\"https:\\\/\\\/www.casaldelespluga.cat\\\/wp-content\\\/uploads\\\/2018\\\/08\\\/cropped-cropped-logo-casal.jpg\",\"width\":2283,\"height\":2283,\"caption\":\"Casal de l\u00b4Espluga de Francol\u00ed\"},\"image\":{\"@id\":\"http:\\\/\\\/www.casaldelespluga.cat\\\/#\\\/schema\\\/logo\\\/image\\\/\"},\"sameAs\":[\"https:\\\/\\\/www.facebook.com\\\/?locale=ca_ES\",\"https:\\\/\\\/www.instagram.com\\\/casalespluga\\\/\"]}]}<\/script>\n<!-- \/ Yoast SEO plugin. -->","yoast_head_json":{"title":"Gimn\u00e0stica per adults - Casal de l\u00b4Espluga de Francol\u00ed","robots":{"index":"index","follow":"follow","max-snippet":"max-snippet:-1","max-image-preview":"max-image-preview:large","max-video-preview":"max-video-preview:-1"},"canonical":"https:\/\/www.casaldelespluga.cat\/?page_id=309","og_locale":"ca_ES","og_type":"article","og_title":"Gimn\u00e0stica per adults - Casal de l\u00b4Espluga de Francol\u00ed","og_description":"Gimn\u00e0stica espec\u00edfica per al manteniment de gent adulta. Horari: dilluns i dimecres de les 9:30h a les 10:30h a la sala del pavell\u00f3 del Casal.\u00a0 Professora: Celina Aldonate","og_url":"https:\/\/www.casaldelespluga.cat\/?page_id=309","og_site_name":"Casal de l\u00b4Espluga de Francol\u00ed","article_publisher":"https:\/\/www.facebook.com\/?locale=ca_ES","article_modified_time":"2024-04-23T10:39:50+00:00","twitter_card":"summary_large_image","twitter_misc":{"Temps estimat de lectura":"1 minut"},"schema":{"@context":"https:\/\/schema.org","@graph":[{"@type":"WebPage","@id":"https:\/\/www.casaldelespluga.cat\/?page_id=309","url":"https:\/\/www.casaldelespluga.cat\/?page_id=309","name":"Gimn\u00e0stica per adults - Casal de l\u00b4Espluga de Francol\u00ed","isPartOf":{"@id":"http:\/\/www.casaldelespluga.cat\/#website"},"datePublished":"2018-10-02T14:08:22+00:00","dateModified":"2024-04-23T10:39:50+00:00","breadcrumb":{"@id":"https:\/\/www.casaldelespluga.cat\/?page_id=309#breadcrumb"},"inLanguage":"ca","potentialAction":[{"@type":"ReadAction","target":["https:\/\/www.casaldelespluga.cat\/?page_id=309"]}]},{"@type":"BreadcrumbList","@id":"https:\/\/www.casaldelespluga.cat\/?page_id=309#breadcrumb","itemListElement":[{"@type":"ListItem","position":1,"name":"Portada","item":"http:\/\/www.casaldelespluga.cat\/"},{"@type":"ListItem","position":2,"name":"Inici","item":"https:\/\/www.casaldelespluga.cat\/?page_id=1138"},{"@type":"ListItem","position":3,"name":"Gimn\u00e0stica per adults"}]},{"@type":"WebSite","@id":"http:\/\/www.casaldelespluga.cat\/#website","url":"http:\/\/www.casaldelespluga.cat\/","name":"Casal de l\u00b4Espluga de Francol\u00ed","description":"Associaci\u00f3 sociocultural i esportiva","publisher":{"@id":"http:\/\/www.casaldelespluga.cat\/#organization"},"potentialAction":[{"@type":"SearchAction","target":{"@type":"EntryPoint","urlTemplate":"http:\/\/www.casaldelespluga.cat\/?s={search_term_string}"},"query-input":{"@type":"PropertyValueSpecification","valueRequired":true,"valueName":"search_term_string"}}],"inLanguage":"ca"},{"@type":"Organization","@id":"http:\/\/www.casaldelespluga.cat\/#organization","name":"Casal de l\u00b4Espluga de Francol\u00ed","url":"http:\/\/www.casaldelespluga.cat\/","logo":{"@type":"ImageObject","inLanguage":"ca","@id":"http:\/\/www.casaldelespluga.cat\/#\/schema\/logo\/image\/","url":"https:\/\/www.casaldelespluga.cat\/wp-content\/uploads\/2018\/08\/cropped-cropped-logo-casal.jpg","contentUrl":"https:\/\/www.casaldelespluga.cat\/wp-content\/uploads\/2018\/08\/cropped-cropped-logo-casal.jpg","width":2283,"height":2283,"caption":"Casal de l\u00b4Espluga de Francol\u00ed"},"image":{"@id":"http:\/\/www.casaldelespluga.cat\/#\/schema\/logo\/image\/"},"sameAs":["https:\/\/www.facebook.com\/?locale=ca_ES","https:\/\/www.instagram.com\/casalespluga\/"]}]}},"_links":{"self":[{"href":"https:\/\/www.casaldelespluga.cat\/index.php?rest_route=\/wp\/v2\/pages\/309","targetHints":{"allow":["GET"]}}],"collection":[{"href":"https:\/\/www.casaldelespluga.cat\/index.php?rest_route=\/wp\/v2\/pages"}],"about":[{"href":"https:\/\/www.casaldelespluga.cat\/index.php?rest_route=\/wp\/v2\/types\/page"}],"author":[{"embeddable":true,"href":"https:\/\/www.casaldelespluga.cat\/index.php?rest_route=\/wp\/v2\/users\/1"}],"replies":[{"embeddable":true,"href":"https:\/\/www.casaldelespluga.cat\/index.php?rest_route=%2Fwp%2Fv2%2Fcomments&post=309"}],"version-history":[{"count":5,"href":"https:\/\/www.casaldelespluga.cat\/index.php?rest_route=\/wp\/v2\/pages\/309\/revisions"}],"predecessor-version":[{"id":1939,"href":"https:\/\/www.casaldelespluga.cat\/index.php?rest_route=\/wp\/v2\/pages\/309\/revisions\/1939"}],"up":[{"embeddable":true,"href":"https:\/\/www.casaldelespluga.cat\/index.php?rest_route=\/wp\/v2\/pages\/1138"}],"wp:attachment":[{"href":"https:\/\/www.casaldelespluga.cat\/index.php?rest_route=%2Fwp%2Fv2%2Fmedia&parent=309"}],"curies":[{"name":"wp","href":"https:\/\/api.w.org\/{rel}","templated":true}]}}