{"id":407,"date":"2018-11-18T20:37:06","date_gmt":"2018-11-18T20:37:06","guid":{"rendered":"http:\/\/www.casaldelespluga.cat\/?page_id=407"},"modified":"2023-09-01T10:17:03","modified_gmt":"2023-09-01T10:17:03","slug":"els-pastorets-de-lespluga","status":"publish","type":"page","link":"http:\/\/www.casaldelespluga.cat\/?page_id=407","title":{"rendered":"Els Pastorets de l&#8217;Espluga"},"content":{"rendered":"\n<h2 class=\"wp-block-heading has-text-align-center\"><a href=\"http:\/\/www.pastoretsdelespluga.cat\">www.pastoretsdelespluga.cat<\/a><\/h2>\n\n\n<div class=\"wp-block-image\">\n<figure class=\"aligncenter\"><img loading=\"lazy\" decoding=\"async\" width=\"2374\" height=\"1062\" src=\"http:\/\/www.casaldelespluga.cat\/wp-content\/uploads\/2018\/11\/Els-Pastorets-de-lEspluga-7gen2017-Pep-Torres_1.jpg\" alt=\"\" class=\"wp-image-408\" srcset=\"http:\/\/www.casaldelespluga.cat\/wp-content\/uploads\/2018\/11\/Els-Pastorets-de-lEspluga-7gen2017-Pep-Torres_1.jpg 2374w, http:\/\/www.casaldelespluga.cat\/wp-content\/uploads\/2018\/11\/Els-Pastorets-de-lEspluga-7gen2017-Pep-Torres_1-300x134.jpg 300w, http:\/\/www.casaldelespluga.cat\/wp-content\/uploads\/2018\/11\/Els-Pastorets-de-lEspluga-7gen2017-Pep-Torres_1-768x344.jpg 768w, http:\/\/www.casaldelespluga.cat\/wp-content\/uploads\/2018\/11\/Els-Pastorets-de-lEspluga-7gen2017-Pep-Torres_1-1024x458.jpg 1024w, http:\/\/www.casaldelespluga.cat\/wp-content\/uploads\/2018\/11\/Els-Pastorets-de-lEspluga-7gen2017-Pep-Torres_1-600x268.jpg 600w\" sizes=\"auto, (max-width: 2374px) 100vw, 2374px\" \/><\/figure>\n<\/div>\n\n\n<h3 class=\"wp-block-heading has-text-align-center\">El grup Tratea Teatre del Casal de l&#8217;Espluga ja est\u00e0 treballant en les properes representacions d&#8217;Els Pastorets. <\/h3>\n\n\n\n<h3 class=\"wp-block-heading has-text-align-center\">Teatre del Casal de l&#8217;Espluga de Francol\u00ed (Pl. Montserrat Canals, 1)<\/h3>\n\n\n\n<blockquote class=\"wp-block-quote is-layout-flow wp-block-quote-is-layout-flow\">\n<p><\/p>\n\n\n\n<p><strong><a href=\"https:\/\/www.entrapolis.com\/entrades\/pastorets-de-lespluga-dia-de-nadal\" target=\"_blank\" rel=\"noreferrer noopener\">25 de desembre de 2021<\/a><\/strong> | <strong><a href=\"https:\/\/www.entrapolis.com\/entrades\/els-pastorets-de-lespluga-diumenge-2-de-gener-de-2022\">2 de gener de 2022<\/a><\/strong><\/p>\n<\/blockquote>\n\n\n\n<figure class=\"wp-block-image size-large\"><img loading=\"lazy\" decoding=\"async\" width=\"1024\" height=\"456\" src=\"http:\/\/www.casaldelespluga.cat\/wp-content\/uploads\/2021\/11\/LOGO-PASTORETS-DE-LESPLUGA-2018-1024x456.png\" alt=\"\" class=\"wp-image-1044\" srcset=\"http:\/\/www.casaldelespluga.cat\/wp-content\/uploads\/2021\/11\/LOGO-PASTORETS-DE-LESPLUGA-2018-1024x456.png 1024w, http:\/\/www.casaldelespluga.cat\/wp-content\/uploads\/2021\/11\/LOGO-PASTORETS-DE-LESPLUGA-2018-300x133.png 300w, http:\/\/www.casaldelespluga.cat\/wp-content\/uploads\/2021\/11\/LOGO-PASTORETS-DE-LESPLUGA-2018-768x342.png 768w, http:\/\/www.casaldelespluga.cat\/wp-content\/uploads\/2021\/11\/LOGO-PASTORETS-DE-LESPLUGA-2018-1536x683.png 1536w, http:\/\/www.casaldelespluga.cat\/wp-content\/uploads\/2021\/11\/LOGO-PASTORETS-DE-LESPLUGA-2018-2048x911.png 2048w\" sizes=\"auto, (max-width: 1024px) 100vw, 1024px\" \/><\/figure>\n\n\n\n<p><\/p>\n\n\n\n<h2 class=\"wp-block-heading\"><strong>Una tradici\u00f3 espluguina centen\u00e0ria<\/strong><\/h2>\n\n\n<div id=\"attachment_970\" style=\"width: 650px\" class=\"wp-caption alignleft\"><img loading=\"lazy\" decoding=\"async\" aria-describedby=\"caption-attachment-970\" class=\"wp-image-970 size-large\" src=\"http:\/\/www.casaldelespluga.cat\/wp-content\/uploads\/2021\/11\/Pastorets-76_1-1024x743.jpg\" alt=\"\" width=\"640\" height=\"464\" srcset=\"http:\/\/www.casaldelespluga.cat\/wp-content\/uploads\/2021\/11\/Pastorets-76_1-1024x743.jpg 1024w, http:\/\/www.casaldelespluga.cat\/wp-content\/uploads\/2021\/11\/Pastorets-76_1-300x218.jpg 300w, http:\/\/www.casaldelespluga.cat\/wp-content\/uploads\/2021\/11\/Pastorets-76_1-768x557.jpg 768w, http:\/\/www.casaldelespluga.cat\/wp-content\/uploads\/2021\/11\/Pastorets-76_1-1536x1115.jpg 1536w, http:\/\/www.casaldelespluga.cat\/wp-content\/uploads\/2021\/11\/Pastorets-76_1-2048x1486.jpg 2048w\" sizes=\"auto, (max-width: 640px) 100vw, 640px\" \/><p id=\"caption-attachment-970\" class=\"wp-caption-text\">Equip dels Pastorets de l&#8217;any 1976, el primer cop que es van representar al Casal de l&#8217;Espluga. (Foto: Arxiu Mercad\u00e9)<\/p><\/div>\n<p><strong>Els Pastorets de l&#8217;Espluga de Francol\u00ed es representen des de 1887<\/strong>, en diferents etapes, grups teatrals, escenaris i textos representats. El 1922 es documenten representacions a l&#8217;esgl\u00e9sia Vella de Sant Miquel i a partir del 1928, al teatre del Centre Cultural, on el 1931 es va estrenar per primer cop una dona com a actriu a les representacions -en el paper de Mare de D\u00e9u.<\/p>\n<p>El 1936 es projecten els Pastorets en cinema mut i despr\u00e9s de la Guerra Civil, el 1939, s&#8217;estrena per primer cop a la vila la versi\u00f3 de Josep M. Folch i Torres.<\/p>\n<p>Les representacions s&#8217;aturen el 1962 i no s&#8217;aconsegueix reprendre-les fins el 1976 al teatre del Casal de l&#8217;Espluga per obtenir\u00a0recursos per la cavalcada de reis, a proposta de Josep Maria Vall\u00e8s.<\/p>\n<p>Des de llavors\u00a0<strong>els Pastorets de l&#8217;Espluga de Francol\u00ed es representan de forma biennal<\/strong>, esdevenint, al llarg del segle XXI un gran\u00a0<strong>espectacle que parteix de l&#8217;escenografia cl\u00e0ssica per\u00f2 incorpora efectes especials i projeccions, orquestra en directe i m\u00e9s de 100 actors i actrius sobre l&#8217;escenari.<\/strong><\/p>\n<blockquote>\n<p><a href=\"https:\/\/www.efmr.cat\/blog\/2018\/12\/26\/galeria-dimatges-representacio-dels-pastorets-de-lespluga-2018\/\"><strong>GALERIA D&#8217;IMATGES (2018)<\/strong><\/a><\/p>\n<\/blockquote>\n<h3>2021, any de canvis<\/h3>\n<div id=\"attachment_976\" style=\"width: 650px\" class=\"wp-caption alignright\"><a href=\"http:\/\/www.casaldelespluga.cat\/wp-content\/uploads\/2021\/11\/Els-nous-Lluquet-Marc-Lo\u0301pez-a-lesquerra-i-Rovello\u0301-Jordi-Queralt-a-la-dreta_Foto_Xavier-Lozano.jpg\"><img loading=\"lazy\" decoding=\"async\" aria-describedby=\"caption-attachment-976\" class=\"wp-image-976 size-large\" src=\"http:\/\/www.casaldelespluga.cat\/wp-content\/uploads\/2021\/11\/Els-nous-Lluquet-Marc-Lo\u0301pez-a-lesquerra-i-Rovello\u0301-Jordi-Queralt-a-la-dreta_Foto_Xavier-Lozano-1024x683.jpg\" alt=\"\" width=\"640\" height=\"427\" srcset=\"http:\/\/www.casaldelespluga.cat\/wp-content\/uploads\/2021\/11\/Els-nous-Lluquet-Marc-Lo\u0301pez-a-lesquerra-i-Rovello\u0301-Jordi-Queralt-a-la-dreta_Foto_Xavier-Lozano-1024x683.jpg 1024w, http:\/\/www.casaldelespluga.cat\/wp-content\/uploads\/2021\/11\/Els-nous-Lluquet-Marc-Lo\u0301pez-a-lesquerra-i-Rovello\u0301-Jordi-Queralt-a-la-dreta_Foto_Xavier-Lozano-300x200.jpg 300w, http:\/\/www.casaldelespluga.cat\/wp-content\/uploads\/2021\/11\/Els-nous-Lluquet-Marc-Lo\u0301pez-a-lesquerra-i-Rovello\u0301-Jordi-Queralt-a-la-dreta_Foto_Xavier-Lozano-768x512.jpg 768w, http:\/\/www.casaldelespluga.cat\/wp-content\/uploads\/2021\/11\/Els-nous-Lluquet-Marc-Lo\u0301pez-a-lesquerra-i-Rovello\u0301-Jordi-Queralt-a-la-dreta_Foto_Xavier-Lozano-1536x1024.jpg 1536w, http:\/\/www.casaldelespluga.cat\/wp-content\/uploads\/2021\/11\/Els-nous-Lluquet-Marc-Lo\u0301pez-a-lesquerra-i-Rovello\u0301-Jordi-Queralt-a-la-dreta_Foto_Xavier-Lozano-750x500.jpg 750w, http:\/\/www.casaldelespluga.cat\/wp-content\/uploads\/2021\/11\/Els-nous-Lluquet-Marc-Lo\u0301pez-a-lesquerra-i-Rovello\u0301-Jordi-Queralt-a-la-dreta_Foto_Xavier-Lozano.jpg 1620w\" sizes=\"auto, (max-width: 640px) 100vw, 640px\" \/><\/a><p id=\"caption-attachment-976\" class=\"wp-caption-text\">Els nous Lluquet i Rovell\u00f3, Marc L\u00f3pez i Jordi Queralt, en ser presentats oficialment el desembre de 2020. (Foto: Xavier Lozano)<\/p><\/div>\n<p>Aquest any, despr\u00e9s de <a href=\"https:\/\/www.efmr.cat\/blog\/2020\/09\/16\/els-pastorets-de-lespluga-suspenen-les-representacions-daquest-2020\/\"><strong>l&#8217;\u00faltim ajornament per la pand\u00e8mia de la COVID-19<\/strong><\/a> i de <a href=\"https:\/\/www.efmr.cat\/blog\/2021\/06\/28\/espluga-recupera-pastorets-anys-ajorna-pessebre-vivent-2022\/\"><strong>l&#8217;acord per passar el Pessebre Vivent al 2022<\/strong><\/a>,<strong> recuperem les representacions amb una gran renovaci\u00f3 del repartiment<\/strong>: nous actors i actrius representaran els cl\u00e0ssics personatges dels Pastorets, <strong><a href=\"https:\/\/www.efmr.cat\/blog\/2021\/09\/03\/pastorets-espluga-inicien-formalment-temporada-assajos-nou-equip-actors\/\">en el que \u00e9s el major canvi art\u00edstic dels \u00faltims 20 anys<\/a><\/strong>.\u00a0<\/p>\n<p>El grup Tratea Teatre del Casal de l\u2019Espluga va reprendre l&#8217;1 de setembre els assajos ordinaris de les representacions encara que el <a href=\"https:\/\/www.efmr.cat\/blog\/2020\/08\/11\/els-pastorets-de-lespluga-rejoveneixen-els-actors-en-un-any-incert\/\"><strong>nou equip d\u2019actors i actrius treballa de forma extraordin\u00e0ria des de l&#8217;agost de 2020 amb la nova directora art\u00edstica<\/strong><\/a> dels Pastorets, Ester Maj\u00f3s, tenint en compte que l\u2019estrena del nou repartiment s\u2019havia de fer aquell Nadal, per\u00f2 que es va suspendre per la pand\u00e8mia <a href=\"https:\/\/www.youtube.com\/watch?v=OPDBndd3hVE\"><strong>(al seu lloc es va emetre una cantada de cuplets de tots els temps per les xarxes)<\/strong><\/a>. El 2 de febrer de 2021 es van reprendre els assajos amb els nous actors fins a l\u2019arribada de l\u2019estiu.<\/p>\n<p>L&#8217;any 2018, gr\u00e0cies al patrocini del Casal de l&#8217;Espluga, la DO Conca de Barber\u00e0, Cunicarn i l&#8217;Hostal del Senglar, <strong>els Pastorets de l&#8217;Espluga de Francol\u00ed es van emetre per primer cop a televisi\u00f3<\/strong> <a href=\"https:\/\/www.efmr.cat\/blog\/2019\/01\/10\/els-pastorets-de-lespluga-registren-50-000-espectadors-a-televisio\/\">amb una audi\u00e8ncia de 50.000 espectadors al Camp de Tarragona<\/a> i m\u00e9s de 3.000 visualitzacions per internet.\u00a0<\/p>\n\n\n<p><strong>Pots recuperar-los al canal de youtube de Tac12.tv:<\/strong><\/p>\n\n\n\n<figure class=\"wp-block-embed is-type-video is-provider-youtube wp-block-embed-youtube wp-embed-aspect-16-9 wp-has-aspect-ratio\"><div class=\"wp-block-embed__wrapper\">\n<iframe loading=\"lazy\" title=\"Els Pastorets de L&#039;Espluga de Francol\u00ed\" width=\"500\" height=\"281\" src=\"https:\/\/www.youtube.com\/embed\/U35c33I-260?start=13&#038;feature=oembed\" frameborder=\"0\" allow=\"accelerometer; autoplay; clipboard-write; encrypted-media; gyroscope; picture-in-picture; web-share\" referrerpolicy=\"strict-origin-when-cross-origin\" allowfullscreen><\/iframe>\n<\/div><\/figure>\n\n\n\n<p><\/p>\n\n\n\n<p class=\"has-text-align-left\">Els Pastorets de l&#8217;Espluga de Francol\u00ed s\u00f3n membres de la <strong><a href=\"http:\/\/www.pastoretsdecatalunya.cat\">Coordinadora de Pastorets de Catalunya<\/a><\/strong>. El 12 de mar\u00e7 de 2022 el teatre del Casal de l&#8217;Espluga i diferents equipaments de la vila acolliran <strong><a href=\"https:\/\/www.efmr.cat\/blog\/2020\/10\/18\/sajorna-de-nou-el-iv-congres-de-pastorets-de-catalunya-que-shavia-de-celebrar-al-marc-a-lespluga\/\">el IV Congr\u00e9s de Pastorets de Catalunya, ajornat fins aquesta data a causa de la pand\u00e8mia<\/a><\/strong>. <\/p>\n\n\n<div class=\"wp-block-image\">\n<figure class=\"alignright size-large is-resized\"><a href=\"https:\/\/www.pastoretsdecatalunya.cat\/congressos\/\"><img loading=\"lazy\" decoding=\"async\" src=\"http:\/\/www.casaldelespluga.cat\/wp-content\/uploads\/2021\/11\/Logo_IV-Congre\u0301s-de-Pastorets-de-Catalunya_Presentacio\u0301-1024x505.jpg\" alt=\"\" class=\"wp-image-997\" style=\"width:173px;height:85px\" width=\"173\" height=\"85\" srcset=\"http:\/\/www.casaldelespluga.cat\/wp-content\/uploads\/2021\/11\/Logo_IV-Congre\u0301s-de-Pastorets-de-Catalunya_Presentacio\u0301-1024x505.jpg 1024w, http:\/\/www.casaldelespluga.cat\/wp-content\/uploads\/2021\/11\/Logo_IV-Congre\u0301s-de-Pastorets-de-Catalunya_Presentacio\u0301-300x148.jpg 300w, http:\/\/www.casaldelespluga.cat\/wp-content\/uploads\/2021\/11\/Logo_IV-Congre\u0301s-de-Pastorets-de-Catalunya_Presentacio\u0301-768x379.jpg 768w, http:\/\/www.casaldelespluga.cat\/wp-content\/uploads\/2021\/11\/Logo_IV-Congre\u0301s-de-Pastorets-de-Catalunya_Presentacio\u0301.jpg 1097w\" sizes=\"auto, (max-width: 173px) 100vw, 173px\" \/><\/a><\/figure>\n<\/div>\n\n<div class=\"wp-block-image\">\n<figure class=\"alignleft size-full is-resized\"><a href=\"https:\/\/www.pastoretsdecatalunya.cat\/\"><img loading=\"lazy\" decoding=\"async\" src=\"http:\/\/www.casaldelespluga.cat\/wp-content\/uploads\/2021\/11\/Logo-CPC-02-01-e1459242661191.png\" alt=\"\" class=\"wp-image-992\" style=\"width:118px;height:89px\" width=\"118\" height=\"89\" srcset=\"http:\/\/www.casaldelespluga.cat\/wp-content\/uploads\/2021\/11\/Logo-CPC-02-01-e1459242661191.png 650w, http:\/\/www.casaldelespluga.cat\/wp-content\/uploads\/2021\/11\/Logo-CPC-02-01-e1459242661191-300x227.png 300w, http:\/\/www.casaldelespluga.cat\/wp-content\/uploads\/2021\/11\/Logo-CPC-02-01-e1459242661191-285x214.png 285w\" sizes=\"auto, (max-width: 118px) 100vw, 118px\" \/><\/a><\/figure>\n<\/div>\n\n\n<p class=\"has-text-align-right\"> <\/p>\n","protected":false},"excerpt":{"rendered":"<p>www.pastoretsdelespluga.cat El grup Tratea Teatre del Casal de l&#8217;Espluga ja est\u00e0 treballant en les properes representacions d&#8217;Els Pastorets. Teatre del Casal de l&#8217;Espluga de Francol\u00ed (Pl. Montserrat Canals, 1) 25 de desembre de 2021 | 2 de gener de 2022 Una tradici\u00f3 espluguina centen\u00e0ria Els Pastorets de l&#8217;Espluga de Francol\u00ed es representen des de 1887, [&hellip;]<\/p>\n","protected":false},"author":1,"featured_media":406,"parent":1138,"menu_order":0,"comment_status":"closed","ping_status":"closed","template":"","meta":{"_monsterinsights_skip_tracking":false,"_monsterinsights_sitenote_active":false,"_monsterinsights_sitenote_note":"","_monsterinsights_sitenote_category":0,"footnotes":""},"class_list":["post-407","page","type-page","status-publish","has-post-thumbnail","hentry"],"yoast_head":"<!-- This site is optimized with the Yoast SEO plugin v27.4 - https:\/\/yoast.com\/product\/yoast-seo-wordpress\/ -->\n<title>Els Pastorets de l&#039;Espluga - Casal de l\u00b4Espluga de Francol\u00ed<\/title>\n<meta name=\"description\" content=\"&#039;Els Pastorets&#039; de l&#039;Espluga de Francol\u00ed es representen des de l&#039;any 1940. La tradici\u00f3 popular els ha mantingut vius durant prop de 80 anys amb diferents grups teatrals i en diferents escenaris. Des del 1966 es representen al gran Teatre del Casal de l&#039;Espluga i actualment mobilitzen m\u00e9s d&#039;un centenar d&#039;actors i actrius, un ample equip t\u00e8cnic i un gran dispositiu esc\u00e8nic amb efectes especials i orquestra en directe.\" \/>\n<meta name=\"robots\" content=\"index, follow, max-snippet:-1, max-image-preview:large, max-video-preview:-1\" \/>\n<link rel=\"canonical\" href=\"https:\/\/www.casaldelespluga.cat\/?page_id=407\" \/>\n<meta property=\"og:locale\" content=\"ca_ES\" \/>\n<meta property=\"og:type\" content=\"article\" \/>\n<meta property=\"og:title\" content=\"Els Pastorets de l&#039;Espluga - Casal de l\u00b4Espluga de Francol\u00ed\" \/>\n<meta property=\"og:description\" content=\"&#039;Els Pastorets&#039; de l&#039;Espluga de Francol\u00ed es representen des de l&#039;any 1940. La tradici\u00f3 popular els ha mantingut vius durant prop de 80 anys amb diferents grups teatrals i en diferents escenaris. Des del 1966 es representen al gran Teatre del Casal de l&#039;Espluga i actualment mobilitzen m\u00e9s d&#039;un centenar d&#039;actors i actrius, un ample equip t\u00e8cnic i un gran dispositiu esc\u00e8nic amb efectes especials i orquestra en directe.\" \/>\n<meta property=\"og:url\" content=\"https:\/\/www.casaldelespluga.cat\/?page_id=407\" \/>\n<meta property=\"og:site_name\" content=\"Casal de l\u00b4Espluga de Francol\u00ed\" \/>\n<meta property=\"article:publisher\" content=\"https:\/\/www.facebook.com\/?locale=ca_ES\" \/>\n<meta property=\"article:modified_time\" content=\"2023-09-01T10:17:03+00:00\" \/>\n<meta property=\"og:image\" content=\"https:\/\/www.casaldelespluga.cat\/wp-content\/uploads\/2018\/11\/pp.jpeg\" \/>\n\t<meta property=\"og:image:width\" content=\"640\" \/>\n\t<meta property=\"og:image:height\" content=\"640\" \/>\n\t<meta property=\"og:image:type\" content=\"image\/jpeg\" \/>\n<meta name=\"twitter:card\" content=\"summary_large_image\" \/>\n<meta name=\"twitter:label1\" content=\"Temps estimat de lectura\" \/>\n\t<meta name=\"twitter:data1\" content=\"5 minuts\" \/>\n<script type=\"application\/ld+json\" class=\"yoast-schema-graph\">{\"@context\":\"https:\\\/\\\/schema.org\",\"@graph\":[{\"@type\":\"WebPage\",\"@id\":\"https:\\\/\\\/www.casaldelespluga.cat\\\/?page_id=407\",\"url\":\"https:\\\/\\\/www.casaldelespluga.cat\\\/?page_id=407\",\"name\":\"Els Pastorets de l'Espluga - Casal de l\u00b4Espluga de Francol\u00ed\",\"isPartOf\":{\"@id\":\"https:\\\/\\\/www.casaldelespluga.cat\\\/#website\"},\"primaryImageOfPage\":{\"@id\":\"https:\\\/\\\/www.casaldelespluga.cat\\\/?page_id=407#primaryimage\"},\"image\":{\"@id\":\"https:\\\/\\\/www.casaldelespluga.cat\\\/?page_id=407#primaryimage\"},\"thumbnailUrl\":\"http:\\\/\\\/www.casaldelespluga.cat\\\/wp-content\\\/uploads\\\/2018\\\/11\\\/pp.jpeg\",\"datePublished\":\"2018-11-18T20:37:06+00:00\",\"dateModified\":\"2023-09-01T10:17:03+00:00\",\"description\":\"'Els Pastorets' de l'Espluga de Francol\u00ed es representen des de l'any 1940. La tradici\u00f3 popular els ha mantingut vius durant prop de 80 anys amb diferents grups teatrals i en diferents escenaris. Des del 1966 es representen al gran Teatre del Casal de l'Espluga i actualment mobilitzen m\u00e9s d'un centenar d'actors i actrius, un ample equip t\u00e8cnic i un gran dispositiu esc\u00e8nic amb efectes especials i orquestra en directe.\",\"breadcrumb\":{\"@id\":\"https:\\\/\\\/www.casaldelespluga.cat\\\/?page_id=407#breadcrumb\"},\"inLanguage\":\"ca\",\"potentialAction\":[{\"@type\":\"ReadAction\",\"target\":[\"https:\\\/\\\/www.casaldelespluga.cat\\\/?page_id=407\"]}]},{\"@type\":\"ImageObject\",\"inLanguage\":\"ca\",\"@id\":\"https:\\\/\\\/www.casaldelespluga.cat\\\/?page_id=407#primaryimage\",\"url\":\"http:\\\/\\\/www.casaldelespluga.cat\\\/wp-content\\\/uploads\\\/2018\\\/11\\\/pp.jpeg\",\"contentUrl\":\"http:\\\/\\\/www.casaldelespluga.cat\\\/wp-content\\\/uploads\\\/2018\\\/11\\\/pp.jpeg\",\"width\":640,\"height\":640},{\"@type\":\"BreadcrumbList\",\"@id\":\"https:\\\/\\\/www.casaldelespluga.cat\\\/?page_id=407#breadcrumb\",\"itemListElement\":[{\"@type\":\"ListItem\",\"position\":1,\"name\":\"Portada\",\"item\":\"http:\\\/\\\/www.casaldelespluga.cat\\\/\"},{\"@type\":\"ListItem\",\"position\":2,\"name\":\"Inici\",\"item\":\"https:\\\/\\\/www.casaldelespluga.cat\\\/?page_id=1138\"},{\"@type\":\"ListItem\",\"position\":3,\"name\":\"Els Pastorets de l&#8217;Espluga\"}]},{\"@type\":\"WebSite\",\"@id\":\"https:\\\/\\\/www.casaldelespluga.cat\\\/#website\",\"url\":\"https:\\\/\\\/www.casaldelespluga.cat\\\/\",\"name\":\"Casal de l\u00b4Espluga de Francol\u00ed\",\"description\":\"Associaci\u00f3 sociocultural i esportiva\",\"publisher\":{\"@id\":\"https:\\\/\\\/www.casaldelespluga.cat\\\/#organization\"},\"potentialAction\":[{\"@type\":\"SearchAction\",\"target\":{\"@type\":\"EntryPoint\",\"urlTemplate\":\"https:\\\/\\\/www.casaldelespluga.cat\\\/?s={search_term_string}\"},\"query-input\":{\"@type\":\"PropertyValueSpecification\",\"valueRequired\":true,\"valueName\":\"search_term_string\"}}],\"inLanguage\":\"ca\"},{\"@type\":\"Organization\",\"@id\":\"https:\\\/\\\/www.casaldelespluga.cat\\\/#organization\",\"name\":\"Casal de l\u00b4Espluga de Francol\u00ed\",\"url\":\"https:\\\/\\\/www.casaldelespluga.cat\\\/\",\"logo\":{\"@type\":\"ImageObject\",\"inLanguage\":\"ca\",\"@id\":\"https:\\\/\\\/www.casaldelespluga.cat\\\/#\\\/schema\\\/logo\\\/image\\\/\",\"url\":\"http:\\\/\\\/www.casaldelespluga.cat\\\/wp-content\\\/uploads\\\/2018\\\/08\\\/cropped-cropped-logo-casal.jpg\",\"contentUrl\":\"http:\\\/\\\/www.casaldelespluga.cat\\\/wp-content\\\/uploads\\\/2018\\\/08\\\/cropped-cropped-logo-casal.jpg\",\"width\":2283,\"height\":2283,\"caption\":\"Casal de l\u00b4Espluga de Francol\u00ed\"},\"image\":{\"@id\":\"https:\\\/\\\/www.casaldelespluga.cat\\\/#\\\/schema\\\/logo\\\/image\\\/\"},\"sameAs\":[\"https:\\\/\\\/www.facebook.com\\\/?locale=ca_ES\",\"https:\\\/\\\/www.instagram.com\\\/casalespluga\\\/\"]}]}<\/script>\n<!-- \/ Yoast SEO plugin. -->","yoast_head_json":{"title":"Els Pastorets de l'Espluga - Casal de l\u00b4Espluga de Francol\u00ed","description":"'Els Pastorets' de l'Espluga de Francol\u00ed es representen des de l'any 1940. La tradici\u00f3 popular els ha mantingut vius durant prop de 80 anys amb diferents grups teatrals i en diferents escenaris. Des del 1966 es representen al gran Teatre del Casal de l'Espluga i actualment mobilitzen m\u00e9s d'un centenar d'actors i actrius, un ample equip t\u00e8cnic i un gran dispositiu esc\u00e8nic amb efectes especials i orquestra en directe.","robots":{"index":"index","follow":"follow","max-snippet":"max-snippet:-1","max-image-preview":"max-image-preview:large","max-video-preview":"max-video-preview:-1"},"canonical":"https:\/\/www.casaldelespluga.cat\/?page_id=407","og_locale":"ca_ES","og_type":"article","og_title":"Els Pastorets de l'Espluga - Casal de l\u00b4Espluga de Francol\u00ed","og_description":"'Els Pastorets' de l'Espluga de Francol\u00ed es representen des de l'any 1940. La tradici\u00f3 popular els ha mantingut vius durant prop de 80 anys amb diferents grups teatrals i en diferents escenaris. Des del 1966 es representen al gran Teatre del Casal de l'Espluga i actualment mobilitzen m\u00e9s d'un centenar d'actors i actrius, un ample equip t\u00e8cnic i un gran dispositiu esc\u00e8nic amb efectes especials i orquestra en directe.","og_url":"https:\/\/www.casaldelespluga.cat\/?page_id=407","og_site_name":"Casal de l\u00b4Espluga de Francol\u00ed","article_publisher":"https:\/\/www.facebook.com\/?locale=ca_ES","article_modified_time":"2023-09-01T10:17:03+00:00","og_image":[{"width":640,"height":640,"url":"https:\/\/www.casaldelespluga.cat\/wp-content\/uploads\/2018\/11\/pp.jpeg","type":"image\/jpeg"}],"twitter_card":"summary_large_image","twitter_misc":{"Temps estimat de lectura":"5 minuts"},"schema":{"@context":"https:\/\/schema.org","@graph":[{"@type":"WebPage","@id":"https:\/\/www.casaldelespluga.cat\/?page_id=407","url":"https:\/\/www.casaldelespluga.cat\/?page_id=407","name":"Els Pastorets de l'Espluga - Casal de l\u00b4Espluga de Francol\u00ed","isPartOf":{"@id":"https:\/\/www.casaldelespluga.cat\/#website"},"primaryImageOfPage":{"@id":"https:\/\/www.casaldelespluga.cat\/?page_id=407#primaryimage"},"image":{"@id":"https:\/\/www.casaldelespluga.cat\/?page_id=407#primaryimage"},"thumbnailUrl":"http:\/\/www.casaldelespluga.cat\/wp-content\/uploads\/2018\/11\/pp.jpeg","datePublished":"2018-11-18T20:37:06+00:00","dateModified":"2023-09-01T10:17:03+00:00","description":"'Els Pastorets' de l'Espluga de Francol\u00ed es representen des de l'any 1940. La tradici\u00f3 popular els ha mantingut vius durant prop de 80 anys amb diferents grups teatrals i en diferents escenaris. Des del 1966 es representen al gran Teatre del Casal de l'Espluga i actualment mobilitzen m\u00e9s d'un centenar d'actors i actrius, un ample equip t\u00e8cnic i un gran dispositiu esc\u00e8nic amb efectes especials i orquestra en directe.","breadcrumb":{"@id":"https:\/\/www.casaldelespluga.cat\/?page_id=407#breadcrumb"},"inLanguage":"ca","potentialAction":[{"@type":"ReadAction","target":["https:\/\/www.casaldelespluga.cat\/?page_id=407"]}]},{"@type":"ImageObject","inLanguage":"ca","@id":"https:\/\/www.casaldelespluga.cat\/?page_id=407#primaryimage","url":"http:\/\/www.casaldelespluga.cat\/wp-content\/uploads\/2018\/11\/pp.jpeg","contentUrl":"http:\/\/www.casaldelespluga.cat\/wp-content\/uploads\/2018\/11\/pp.jpeg","width":640,"height":640},{"@type":"BreadcrumbList","@id":"https:\/\/www.casaldelespluga.cat\/?page_id=407#breadcrumb","itemListElement":[{"@type":"ListItem","position":1,"name":"Portada","item":"http:\/\/www.casaldelespluga.cat\/"},{"@type":"ListItem","position":2,"name":"Inici","item":"https:\/\/www.casaldelespluga.cat\/?page_id=1138"},{"@type":"ListItem","position":3,"name":"Els Pastorets de l&#8217;Espluga"}]},{"@type":"WebSite","@id":"https:\/\/www.casaldelespluga.cat\/#website","url":"https:\/\/www.casaldelespluga.cat\/","name":"Casal de l\u00b4Espluga de Francol\u00ed","description":"Associaci\u00f3 sociocultural i esportiva","publisher":{"@id":"https:\/\/www.casaldelespluga.cat\/#organization"},"potentialAction":[{"@type":"SearchAction","target":{"@type":"EntryPoint","urlTemplate":"https:\/\/www.casaldelespluga.cat\/?s={search_term_string}"},"query-input":{"@type":"PropertyValueSpecification","valueRequired":true,"valueName":"search_term_string"}}],"inLanguage":"ca"},{"@type":"Organization","@id":"https:\/\/www.casaldelespluga.cat\/#organization","name":"Casal de l\u00b4Espluga de Francol\u00ed","url":"https:\/\/www.casaldelespluga.cat\/","logo":{"@type":"ImageObject","inLanguage":"ca","@id":"https:\/\/www.casaldelespluga.cat\/#\/schema\/logo\/image\/","url":"http:\/\/www.casaldelespluga.cat\/wp-content\/uploads\/2018\/08\/cropped-cropped-logo-casal.jpg","contentUrl":"http:\/\/www.casaldelespluga.cat\/wp-content\/uploads\/2018\/08\/cropped-cropped-logo-casal.jpg","width":2283,"height":2283,"caption":"Casal de l\u00b4Espluga de Francol\u00ed"},"image":{"@id":"https:\/\/www.casaldelespluga.cat\/#\/schema\/logo\/image\/"},"sameAs":["https:\/\/www.facebook.com\/?locale=ca_ES","https:\/\/www.instagram.com\/casalespluga\/"]}]}},"_links":{"self":[{"href":"http:\/\/www.casaldelespluga.cat\/index.php?rest_route=\/wp\/v2\/pages\/407","targetHints":{"allow":["GET"]}}],"collection":[{"href":"http:\/\/www.casaldelespluga.cat\/index.php?rest_route=\/wp\/v2\/pages"}],"about":[{"href":"http:\/\/www.casaldelespluga.cat\/index.php?rest_route=\/wp\/v2\/types\/page"}],"author":[{"embeddable":true,"href":"http:\/\/www.casaldelespluga.cat\/index.php?rest_route=\/wp\/v2\/users\/1"}],"replies":[{"embeddable":true,"href":"http:\/\/www.casaldelespluga.cat\/index.php?rest_route=%2Fwp%2Fv2%2Fcomments&post=407"}],"version-history":[{"count":34,"href":"http:\/\/www.casaldelespluga.cat\/index.php?rest_route=\/wp\/v2\/pages\/407\/revisions"}],"predecessor-version":[{"id":1590,"href":"http:\/\/www.casaldelespluga.cat\/index.php?rest_route=\/wp\/v2\/pages\/407\/revisions\/1590"}],"up":[{"embeddable":true,"href":"http:\/\/www.casaldelespluga.cat\/index.php?rest_route=\/wp\/v2\/pages\/1138"}],"wp:featuredmedia":[{"embeddable":true,"href":"http:\/\/www.casaldelespluga.cat\/index.php?rest_route=\/wp\/v2\/media\/406"}],"wp:attachment":[{"href":"http:\/\/www.casaldelespluga.cat\/index.php?rest_route=%2Fwp%2Fv2%2Fmedia&parent=407"}],"curies":[{"name":"wp","href":"https:\/\/api.w.org\/{rel}","templated":true}]}}